{"id":26122,"date":"2020-11-05T18:58:47","date_gmt":"2020-11-05T18:58:47","guid":{"rendered":"https:\/\/etic.lu\/produit\/after-lunch-deal\/"},"modified":"2023-09-06T20:27:27","modified_gmt":"2023-09-06T20:27:27","slug":"after-lunch-deal","status":"publish","type":"product","link":"https:\/\/etic.lu\/en\/produit\/after-lunch-deal\/","title":{"rendered":"L\u00ebtzebuergesch &#8211; After Lunch Deal"},"content":{"rendered":"<div class=\"row_desc\">\n<div class=\"column_desc column_desc_1\">\n<p class=\"desc_section desc_p\"><span class=\"material-icons desc_icon\">track_changes<\/span>Objectives<\/p>\n<p class=\"desc_p\">You have been in Luxembourg for 20 years and you say to yourself: <em>\u201cWhat if I asked for my Luxembourg nationality?\u201d<\/em><\/p>\n<p class=\"desc_p\">Your will is being realized today with Etic L\u00ebtzebuergesch. Our training center offers courses with motivating professionals, allowing you to meet your wishes.<\/p>\n<p class=\"desc_p\">Stop procrastinating, <span class=\"desc_p_exerg\">book your course in less than 3 minutes on our site and leave with your Luxembourgish certificate necessary to obtain your nationality in just 4 weeks!<\/span><\/p>\n<p class=\"desc_section desc_p\"><span class=\"material-icons desc_icon\">show_chart<\/span>Level<\/p>\n<p class=\"desc_p\">Being able to get to know your interlocutor, with simple questions and answers.<\/p>\n<p class=\"desc_p\">Communicate fluently if the other party speaks slowly and clearly.<\/p>\n<p class=\"desc_section desc_p\"><span class=\"material-icons desc_icon\">verified_user<\/span>Exam<\/p>\n<p class=\"desc_p\">In accordance with nationality law, <span class=\"desc_p_exerg\">no exam<\/span> is required to obtain your certificate. Only participation is compulsory.<\/p>\n<\/div>\n<div class=\"column_desc column_desc_2\">\n<p>    <!-- \n\n<p class=\"desc_section desc_p\"><span class=\"material-icons desc_icon\">wb_sunny<\/span>Formule Matin<\/p>\n\n\n\n\n<p class=\"desc_p\">Vous \u00eates plut\u00f4t matinal et souhaitez en profiter ? La formule \u00ab Intensive- Matin \u00bb est faite pour vous. Prenez place devant votre ordinateur dans le confort de votre chez-vous ! Un professeur dynamique vous recevra tous les matins par vid\u00e9oconf\u00e9rence pour vous accompagner dans l\u2019obtention de votre certificat.<\/p>\n\n\n -->    <!-- \n\n<p class=\"desc_section desc_p\"><span class=\"material-icons desc_icon\">bedtime<\/span>Formule Soir<\/p>\n\n\n\n\n<p class=\"desc_p\">Vous avez des journ\u00e9es charg\u00e9es ? La formule \u00ab Intensive - Soir \u00bb est faite pour vous. Prenez place devant votre ordinateur dans le confort de votre chez-vous ! Un professeur dynamique vous recevra tous les soirs par vid\u00e9oconf\u00e9rence pour vous accompagner dans l\u2019obtention de votre certificat.<\/p>\n\n\n --><\/p>\n<p><!-- \n\n<p class=\"desc_section desc_p\"><span class=\"material-icons desc_icon\">watch_later<\/span>Formule Apr\u00e8s-Midi<\/p>\n\n\n\n\n<p class=\"desc_p\">Vous consacrez vos matin\u00e9es \u00e0 votre bien \u00eatre ? La formule \u00ab Intensive - Apr\u00e8s-Midi \u00bb est faite pour vous. Prenez place devant votre ordinateur dans le confort de votre chez-vous ! Un professeur dynamique vous recevra toutes les apr\u00e8s-midi par vid\u00e9oconf\u00e9rence pour vous accompagner dans l\u2019obtention de votre certificat.<\/p>\n\n\n --><\/p>\n<p><!-- \n\n<p class=\"desc_section desc_p\"><span class=\"material-icons desc_icon\">watch_later<\/span>Formule Weekend<\/p>\n\n\n\n\n<p class=\"desc_p\">Impossible de vous lib\u00e9rer en semaine ? La formule \u00ab Intensive - Weekend \u00bb est faite pour vous. Prenez place devant votre ordinateur dans le confort de votre chez-vous ! Un professeur dynamique vous recevra tous les weekend par vid\u00e9oconf\u00e9rence pour vous accompagner dans l\u2019obtention de votre certificat.<\/p>\n\n\n --><\/p>\n<p><!-- \n\n<p class=\"desc_section desc_p\"><span class=\"material-icons desc_icon\">architecture<\/span>Formule Sur Mesure<\/p>\n\n\n\n\n<p class=\"desc_p\">Aucune des formules propos\u00e9es ne vous convient? Aucun soucis! Nous nous adaptons. La formule \u00ab Sur Mesure \u00bb est faite pour vous. Prenez place devant votre ordinateur dans le confort de votre chez-vous ! Un professeur dynamique vous recevra \u00e0 votre meilleure convenance par vid\u00e9oconf\u00e9rence pour vous accompagner dans l\u2019obtention de votre certificat.<\/p>\n\n\n\n\n<p class=\"desc_section desc_p\"><span class=\"material-icons desc_icon\">today<\/span>Quand<\/p>\n\n\n\n\n<p class=\"desc_p\">Gr\u00e2ce \u00e0 la formule sur-mesure nous vous proposons de choisir les horaires qui vous conviennent \u00e0 repartir sur 3 mois de cours en ligne. La semaine? Le weekend? Le matin ou le soir? <em>Vous choisissez!<\/em><\/p>\n\n\n\n\n<p class=\"desc_p\">Contactez-nous pour discuter des horaires qui vous conviennent. Nous sommes disponibles pour vous concocter des cours sur-mesure qui vous permettront d\u2019am\u00e9liorer vos comp\u00e9tences linguistiques sans chambouler votre train de vie actuelle. Cette formule est id\u00e9ale si vous avez un emploi du temps peu flexible.<\/p>\n\n\n\n\n<p class=\"desc_p\">Choisissez la date qui vous convient le mieux parmi les dates propos\u00e9es dans le menu d\u00e9roulant.<\/p>\n\n\n\n\n<p class=\"desc_p\">Le menu d\u00e9roulant affiche les dates de d\u00e9but et de fin (incluses).<\/p>\n\n\n\n\n<p class=\"desc_p\">Par exemple, l'option: <em>16\/11 - 27\/11 <\/em>indique que le premier cours aura lieu le lundi 16\/11 et le dernier aura lieu le 27\/11. Samedi et dimanche non inclus.<\/p>\n\n\n\n\n<p class=\"desc_p\">Les cours prennent place du <span class=\"desc_p_exerg\"> samedi au dimanche de 9h45 \u00e0 13h30 et de 14h30 \u00e0 18h15.<\/span><\/p>\n\n\n --><\/p>\n<p class=\"desc_section desc_p\"><span class=\"material-icons desc_icon\">local_dining <\/span>After Lunch Deal Formula<\/p>\n<p class=\"desc_p\">Do you have little time during the week? We recommend the after lunch deal. The after lunch deal allows you to have lessons at ETIC during your lunch break.<\/p>\n<p class=\"desc_section desc_p\"><span class=\"material-icons desc_icon\">today<\/span>When<\/p>\n<p class=\"desc_p\">Contact Us to select your dates.<\/p>\n<p class=\"desc_p\">Classes take place from <span class=\"desc_p_exerg\">Monday to Friday from 12:15 to 1:00 p.m.<\/span><\/p>\n<p class=\"desc_section desc_p\"><span class=\"material-icons desc_icon\">room<\/span>Where<\/p>\n<p class=\"desc_p\">Classes will be held by <span class=\"desc_p_exerg\">Zoom videoconference<\/span>. You will receive the link by email with the instructions to follow.<\/p>\n<p class=\"desc_section desc_p\"><span class=\"material-icons desc_icon\">groups<\/span>With Who<\/p>\n<p class=\"desc_p\">The course consists of <span class=\"desc_p_exerg\">minimum 4 people and maximum 8<\/span>. An ideal number to ensure fast and pleasant learning.<\/p>\n<p class=\"desc_p\">Classes are taught by qualified, experienced teachers and pedagogues.<\/p>\n<\/div>\n<\/div>\n<div class=\"row_desc\">\n<p class=\"desc_section desc_p\"><span class=\"material-icons desc_icon\">contact_support<\/span>Question<\/p>\n<p class=\"desc_p\">For any practical information (reservation, payment, timetables, etc.) and for any advice relating to the choice of formulas, do not hesitate: Etic L\u00ebtzebuergesch is at your disposal!<\/p>\n<p><a class=\"btn btn-primary btn-lg mt-2\" href=\"https:\/\/etic.lu\/en\/#contact\">Contact us<\/a>\n<\/div>\n","protected":false},"excerpt":{"rendered":"<div class=\"desc_excerpt desc_section desc_p\">\n<p class=\"p_excerpt\"><span class=\"material-icons desc_icon_excerpt\">schedule<\/span>4 weeks only<\/p>\n<p class=\"p_excerpt\"><span class=\"material-icons desc_icon_excerpt\">date_range<\/span>Monday to Friday from 12:15 to 1:00 p.m. or 45min \/ d<\/p>\n<p class=\"p_excerpt\"><span class=\"material-icons desc_icon_excerpt\">location_on<\/span>By Zoom Call<\/p>\n<p class=\"p_excerpt\"><span class=\"material-icons desc_icon_excerpt\">verified<\/span>Certificate recognized by the Ministry of Education<\/p>\n<p class=\"p_excerpt\"><span class=\"material-icons desc_icon_excerpt\">support_agent<\/span>Contact us now and participate to the next class!<\/p>\n<p><a class=\"btn btn-primary btn-lg mt-2\" href=\"https:\/\/etic.lu\/en\/#contact\">Contact us<\/a>\n<\/div>\n","protected":false},"featured_media":25584,"template":"","meta":[],"product_brand":[],"product_cat":[51],"product_tag":[],"class_list":{"0":"post-26122","1":"product","2":"type-product","3":"status-publish","4":"has-post-thumbnail","6":"product_cat-letzebuergesch-intensive-formula","8":"first","9":"instock","10":"purchasable","11":"product-type-variable"},"_links":{"self":[{"href":"https:\/\/etic.lu\/en\/wp-json\/wp\/v2\/product\/26122","targetHints":{"allow":["GET"]}}],"collection":[{"href":"https:\/\/etic.lu\/en\/wp-json\/wp\/v2\/product"}],"about":[{"href":"https:\/\/etic.lu\/en\/wp-json\/wp\/v2\/types\/product"}],"wp:featuredmedia":[{"embeddable":true,"href":"https:\/\/etic.lu\/en\/wp-json\/wp\/v2\/media\/25584"}],"wp:attachment":[{"href":"https:\/\/etic.lu\/en\/wp-json\/wp\/v2\/media?parent=26122"}],"wp:term":[{"taxonomy":"product_brand","embeddable":true,"href":"https:\/\/etic.lu\/en\/wp-json\/wp\/v2\/product_brand?post=26122"},{"taxonomy":"product_cat","embeddable":true,"href":"https:\/\/etic.lu\/en\/wp-json\/wp\/v2\/product_cat?post=26122"},{"taxonomy":"product_tag","embeddable":true,"href":"https:\/\/etic.lu\/en\/wp-json\/wp\/v2\/product_tag?post=26122"}],"curies":[{"name":"wp","href":"https:\/\/api.w.org\/{rel}","templated":true}]}}