{"id":28836,"date":"2026-03-28T12:56:28","date_gmt":"2026-03-28T12:56:28","guid":{"rendered":"https:\/\/etic.lu\/?page_id=28836"},"modified":"2026-03-28T13:08:19","modified_gmt":"2026-03-28T13:08:19","slug":"impressum-dateschutz","status":"publish","type":"page","link":"https:\/\/etic.lu\/lb\/impressum-dateschutz\/","title":{"rendered":"Impressum &#038; Dateschutz"},"content":{"rendered":"<h2>Impressum<\/h2>\n<h3>1. Erausgeber vum Site<\/h3>\n<p><strong>Fiatlux International SARL<\/strong><br \/>\n12 Rue de Bastogne, L-1217 L\u00ebtzebuerg<br \/>\nTelefon: +352 27 86 29 82<br \/>\nE-Mail: info@etic.lu<br \/>\nRCS L\u00ebtzebuerg: B212284<br \/>\nTVA intracommunautaire: LU29178240<br \/>\nNidderloossungsgeneemegung: 10076336<br \/>\nAgr\u00e9ment Minist\u00e8re de l&#8217;\u00c9ducation nationale: Nr. 10076336\/12<\/p>\n<h3>2. Hosting<\/h3>\n<p>D\u00ebse Site g\u00ebtt gehost vun OVH SAS, 2 rue Kellermann, 59100 Roubaix, Frankr\u00e4ich.<\/p>\n<h3>3. Geeschtegt Eegentum<\/h3>\n<p>Den ganzen Inhalt vun d\u00ebsem Site (Texter, Biller, Logoen, Videoen) ass dat exklusivt Eegentum vu Fiatlux International SARL \/ ETIC, ausser wann anescht uginn. All Reproduktioun, och deelweis, ass ouni viregt schr\u00ebftlecht Averst\u00e4ndnis verbueden.<\/p>\n<h2>Dateschutzrichtlinn (DSGVO)<\/h2>\n<h3>4. Verantwortleche fir d&#8217;Dateveaarbechtung<\/h3>\n<p>Fiatlux International SARL, \u00ebnnert der Mark ETIC, ass verantwortlech fir d&#8217;Veraarbechtung vun de pers\u00e9inlechen Donn\u00e9e\u00ebn d\u00e9i op d\u00ebsem Site gesammelt ginn.<\/p>\n<h3>5. Gesammelt Donn\u00e9e\u00ebn<\/h3>\n<p>Mir sammelen d\u00e9i folgend Donn\u00e9e\u00ebn:<\/p>\n<ul>\n<li>Kontaktformulaire: Numm, Virnumm, E-Mail, Telefon, Noriicht<\/li>\n<li>Umeldung fir Formatioune: berufflech Informatiounen d\u00e9i fir d&#8217;Beaarbechtung vun \u00c4rer Ufro n\u00e9ideg sinn<\/li>\n<li>Navigatioun: Cookies an anonym Statistiken (kuckt Abschnitt Cookies)<\/li>\n<\/ul>\n<h3>6. Zweck vun der Veraarbechtung<\/h3>\n<p>\u00c4r Donn\u00e9e\u00eb ginn benotzt fir:<\/p>\n<ul>\n<li>\u00c4ntwert op \u00c4r Ufroen<\/li>\n<li>Gestioun vun den Umeldunge fir Formatioune<\/li>\n<li>Versch\u00e9cke vun Informatiounen iwwer eis Servicer (mat \u00c4rem Averst\u00e4ndnis)<\/li>\n<li>Verbesserung vun eisem Site an eise Servicer<\/li>\n<\/ul>\n<h3>7. Rechtsgrondlag<\/h3>\n<p>D&#8217;Veraarbechtung vun \u00c4ren Donn\u00e9e\u00eb bas\u00e9iert op \u00c4rer Zoust\u00ebmmung an\/oder der Erf\u00ebllung vun engem Kontrakt no Art. 6 vun der DSGVO (Reglement EU 2016\/679).<\/p>\n<h3>8. Opbewahrungsdauer<\/h3>\n<p>\u00c4r pers\u00e9inlech Donn\u00e9e\u00eb ginn fir d\u00e9i Dauer opbewahrt d\u00e9i n\u00e9ideg ass fir den Zweck vun der Veraarbechtung z&#8217;erreechen, awer maximal 3 Joer nom leschte Kontakt.<\/p>\n<h3>9. \u00c4r Rechter<\/h3>\n<p>No der DSGVO hutt Dir d&#8217;Recht op:<\/p>\n<ul>\n<li>Zougang zu \u00c4ren Donn\u00e9e\u00ebn<\/li>\n<li>Korrektur vun \u00c4ren Donn\u00e9e\u00ebn<\/li>\n<li>L\u00e4sche vun \u00c4ren Donn\u00e9e\u00ebn<\/li>\n<li>Aschr\u00e4nkung vun der Veraarbechtung<\/li>\n<li>Dateportabilit\u00e9it<\/li>\n<li>Widdersproch g\u00e9int d&#8217;Veraarbechtung<\/li>\n<\/ul>\n<p>Fir \u00c4r Rechter ausze\u00fcben, kontakt\u00e9iert eis \u00ebnnert: <a href=\"mailto:info@etic.lu\">info@etic.lu<\/a><\/p>\n<h3>10. Cookies<\/h3>\n<p>D\u00ebse Site benotzt Cookies fir d&#8217;Benotzererfarung ze verbesseren an den Traffic z&#8217;analys\u00e9ieren. Dir k\u00ebnnt Cookies iwwer \u00c4r Browserastellungen verwalten. Fir m\u00e9i Informatiounen liest w.e.g. eis Cookie-Richtlinn.<\/p>\n<h3>11. Kontakt<\/h3>\n<p>Bei Froen zu d\u00ebsem Impressum oder zum Schutz vun \u00c4ren Donn\u00e9e\u00ebn kontakt\u00e9iert eis \u00ebnnert:<br \/>\n<strong>ETIC &#8211; Fiatlux International SARL<\/strong><br \/>\n12 Rue de Bastogne, L-1217 L\u00ebtzebuerg<br \/>\nE-Mail: <a href=\"mailto:info@etic.lu\">info@etic.lu<\/a><br \/>\nTelefon: +352 27 86 29 82<\/p>\n","protected":false},"excerpt":{"rendered":"<p>Impressum 1. Erausgeber vum Site Fiatlux International SARL 12 Rue de Bastogne, L-1217 L\u00ebtzebuerg Telefon: +352 27 86 29 82 E-Mail: info@etic.lu RCS L\u00ebtzebuerg: B212284 TVA intracommunautaire: LU29178240 Nidderloossungsgeneemegung: 10076336 Agr\u00e9ment Minist\u00e8re de l&#8217;\u00c9ducation nationale: Nr. 10076336\/12 2. Hosting D\u00ebse Site g\u00ebtt gehost vun OVH SAS, 2 rue Kellermann, 59100 Roubaix, Frankr\u00e4ich. 3. Geeschtegt Eegentum<\/p>\n","protected":false},"author":1,"featured_media":0,"parent":0,"menu_order":0,"comment_status":"closed","ping_status":"closed","template":"elementor_canvas","meta":{"footnotes":""},"class_list":["post-28836","page","type-page","status-publish","hentry"],"_links":{"self":[{"href":"https:\/\/etic.lu\/lb\/wp-json\/wp\/v2\/pages\/28836","targetHints":{"allow":["GET"]}}],"collection":[{"href":"https:\/\/etic.lu\/lb\/wp-json\/wp\/v2\/pages"}],"about":[{"href":"https:\/\/etic.lu\/lb\/wp-json\/wp\/v2\/types\/page"}],"author":[{"embeddable":true,"href":"https:\/\/etic.lu\/lb\/wp-json\/wp\/v2\/users\/1"}],"replies":[{"embeddable":true,"href":"https:\/\/etic.lu\/lb\/wp-json\/wp\/v2\/comments?post=28836"}],"version-history":[{"count":1,"href":"https:\/\/etic.lu\/lb\/wp-json\/wp\/v2\/pages\/28836\/revisions"}],"predecessor-version":[{"id":28838,"href":"https:\/\/etic.lu\/lb\/wp-json\/wp\/v2\/pages\/28836\/revisions\/28838"}],"wp:attachment":[{"href":"https:\/\/etic.lu\/lb\/wp-json\/wp\/v2\/media?parent=28836"}],"curies":[{"name":"wp","href":"https:\/\/api.w.org\/{rel}","templated":true}]}}